{"id":551,"date":"2020-08-14T13:27:11","date_gmt":"2020-08-14T13:27:11","guid":{"rendered":"https:\/\/startersites.io\/blocksy\/business\/?page_id=3"},"modified":"2024-08-08T18:03:35","modified_gmt":"2024-08-08T23:03:35","slug":"privacy-policy-2","status":"publish","type":"page","link":"https:\/\/expedientelegal.com.mx\/el\/privacy-policy-2\/","title":{"rendered":"<br>Pol\u00edtica de Privacidad \/ Aviso de Privacidad"},"content":{"rendered":"\n<p>En cumplimiento con la Ley Federal de Protecci\u00f3n de Datos Personales en\u00a0 posesi\u00f3n de los Particulares (en adelante, la \u201cLey\u201d), ponemos a su disposici\u00f3n el presente aviso de privacidad \u00a0(en adelante, \u201cAviso\u201d). Para fines de este Aviso se entender\u00e1 como \u201cUsuario\u201d a cualquier persona f\u00edsica que ingrese a nuestra p\u00e1gina web, y al respecto le informamos de lo siguiente:<\/p>\n\n\n\n<p>&nbsp;<strong>1. Responsable de la protecci\u00f3n de los datos personales.<\/strong><\/p>\n\n\n\n<p>Grupo Empresarial Iberoamericano S.A. de C.V. \u200b(en lo sucesivo \u201cGEI\u201d), con domicilio en Correggio 81 Col. Ciudad de los Deportes, Alcald\u00eda Benito Ju\u00e1rez, C.P. 03710, Ciudad de M\u00e9xico, es responsable del tratamiento y protecci\u00f3n de los datos personales que recabemos de usted.&nbsp;<\/p>\n\n\n\n<p>&nbsp;<strong>2. Informaci\u00f3n solicitada y fines de la informaci\u00f3n.<\/strong><\/p>\n\n\n\n<p>GEI solicita referencias (informaci\u00f3n) personales de los Usuarios que consisten en nombres, apellidos, sexo, domicilios, direcciones de correo electr\u00f3nico (\u00abe-mail\u00bb), n\u00famero de tel\u00e9fono, registro federal de contribuyentes, datos de pago (es decir, n\u00famero de tarjeta de cr\u00e9dito, vigencia y c\u00f3digo de seguridad), datos de facturaci\u00f3n. Esta informaci\u00f3n personal es proporcionada de manera voluntaria por el Usuario, y ser\u00e1 utilizada conforme a la naturaleza del servicio que al momento se le ofrece al Usuario para:<\/p>\n\n\n\n<p>a) Finalidades Primarias: (i) identificaci\u00f3n y contacto; (ii) integrar el expediente digital del usuario; (iii) dar de alta al Usuario dentro de la p\u00e1gina web; (iv)elaborar documentos para compartirle la informaci\u00f3n generada por la p\u00e1gina web; los datos proporcionados por menores de edad deber\u00e1n estar autorizados por el Usuario, sin embargo no es responsabilidad de GEI el verificar esta autorizaci\u00f3n. La informaci\u00f3n proporcionada por un menor de edad ser\u00e1 utilizada por GEI \u00fanicamente con fines de aplicaci\u00f3n para el sitio web Expediente Legal\u00ae &nbsp;la cual est\u00e1 dirigida a proporcionar una evaluaci\u00f3n de las probables habilidades y conocimientos de quien realice la prueba, emitiendo informaci\u00f3n al respecto la cual no es determinante ni de ninguna manera se podr\u00e1 considerar como un instrumento de an\u00e1lisis psicol\u00f3gico ni prueba ante ninguna autoridad administrativa o judicial.<\/p>\n\n\n\n<p>b) Finalidades Secundarias: (i) publicidad, (ii) fines educativos; el Usuario podr\u00e1 limitar el uso de la informaci\u00f3n para las finalidades secundarias mediante comunicaci\u00f3n dirigida al \u201cRESPONSABLE DE PRIVACIDAD\u201d, de acuerdo con lo indicado en el numeral 7) siguiente.<\/p>\n\n\n\n<p><strong>3. &nbsp;<\/strong><strong>Acceso<\/strong><\/p>\n\n\n\n<p>El Usuario como titular de sus datos personales, tiene el control de la informaci\u00f3n que suministre por medio de nuestra p\u00e1gina web, por lo que podr\u00e1 corregirla, cambiarla o cancelarla en cualquier momento, de acuerdo con lo indicado en el numeral 7) siguiente.<\/p>\n\n\n\n<p><strong>4. Enlace a otros sitios<\/strong><\/p>\n\n\n\n<p>Podemos ofrecer links a otras p\u00e1ginas. Si el Usuario o cualquier persona dentro de la p\u00e1gina web visita una de estas p\u00e1ginas, deber\u00e1 revisar sus pol\u00edticas de privacidad y otras pol\u00edticas. No nos hacemos responsables por las pol\u00edticas de otras compa\u00f1\u00edas.<\/p>\n\n\n\n<p><strong>5. Transferencia de Datos personales<\/strong><\/p>\n\n\n\n<p>Los datos personales del Usuario, podr\u00e1n ser transferidos a las siguientes personas f\u00edsicas o morales, sin que legalmente se requiera su consentimiento en t\u00e9rminos del art\u00edculo 37 de la Ley Federal de Protecci\u00f3n de Datos Personales en Posesi\u00f3n de los Particulares:<\/p>\n\n\n\n<p>i) A las autoridades competentes cuando as\u00ed lo requieran y justifiquen legalmente. En este caso, la \u00fanica finalidad de la transferencia ser\u00eda cumplir con el mandamiento de la autoridad.<\/p>\n\n\n\n<p><strong>6. Anzuelos o \u00abcookies\u00bb.<\/strong><\/p>\n\n\n\n<p>Los anzuelos o \u00abcookies\u00bb son las porciones de informaci\u00f3n que un sitio de Internet transfiere al disco duro de un individuo con el prop\u00f3sito de mantener un registro de sus visitas. Los anzuelos o \u00abcookies\u00bb permiten que el sitio de Internet archive informaci\u00f3n importante que har\u00e1 su uso m\u00e1s conveniente. Como la mayor\u00eda de los sitios de Internet, GEI utilizar\u00e1 los anzuelos o \u00abcookies\u00bb con varios prop\u00f3sitos a fin de que mejoren su experiencia de navegaci\u00f3n por el Internet. Por ejemplo, se rastrear\u00e1 el n\u00famero total de visitantes a nuestro sitio de manera an\u00f3nima. Asimismo, los anzuelos o \u00abcookies\u00bb pueden ser usados como un recordatorio, de manera tal que al momento en que el Usuario acceda nuevamente a la p\u00e1gina web. En estos casos, el Usuario acepta que la informaci\u00f3n proporcionada por \u00e9l sea asociada a un fichero con anzuelos o \u00abcookies\u00bb.<\/p>\n\n\n\n<p>El Usuario podr\u00e1 rechazar el uso de un anzuelo o \u00abcookie\u00bb o podr\u00e1 ajustar su navegador para que le notifique cuando reciba un anzuelo o \u00abcookie\u00bb. El Usuario tendr\u00e1 que hacer clic en la secci\u00f3n de \u00abAyuda\u00bb de su navegador para aprender c\u00f3mo cambiar sus preferencias de anzuelo o \u00abcookie\u00bb. En caso de que el Usuario inhabilite todos los anzuelos o \u00abcookies\u00bb, podr\u00eda no beneficiarse de todas las funciones del sitio en el Internet.<\/p>\n\n\n\n<p><strong>7. Derechos ARCO y Revocaci\u00f3n del Consentimiento<\/strong><\/p>\n\n\n\n<p>En los t\u00e9rminos de la normativa aplicable, el Usuario tiene derecho a conocer qu\u00e9 datos personales tenemos del Usuario seg\u00fan sea el caso, para qu\u00e9 los utilizamos y las condiciones del uso que les damos (Acceso). Asimismo, es su derecho solicitar la correcci\u00f3n de su informaci\u00f3n personal Usuarios en caso de que est\u00e9 desactualizada, sea inexacta o incompleta (Rectificaci\u00f3n); que la eliminemos de nuestros registros o bases de datos cuando considere que la misma no est\u00e1 siendo utilizada adecuadamente (Cancelaci\u00f3n); as\u00ed como oponerse al uso de sus datos del Usuario, para fines espec\u00edficos (Oposici\u00f3n). Estos derechos se conocen como derechos ARCO. Asimismo, en los t\u00e9rminos de la normativa aplicable, usted puede revocar el consentimiento que en su caso nos haya otorgado para el tratamiento de los datos personales del Usuario.<\/p>\n\n\n\n<p>Para conocer el procedimiento y requisitos para el ejercicio de los derechos ARCO y\/o revocaci\u00f3n del consentimiento, usted podr\u00e1 utilizar cualquiera de los siguientes medios: (i) Contactar a nuestro oficial de privacidad v\u00eda correo electr\u00f3nico a la direcci\u00f3n soporte@gei.com.mx; (ii) solicitar se le proporcione gratuitamente un formato con el procedimiento y requisitos as\u00ed como plazos de respuesta, la forma en que haremos efectivo su derecho, y atender\u00e1 cualquier duda, queja o comentario que tenga al respecto.<\/p>\n\n\n\n<p>Adicionalmente al ejercicio de sus derechos ARCO y de su derecho de revocaci\u00f3n del consentimiento, el Usuario, puede limitar el uso y divulgaci\u00f3n de su informaci\u00f3n personal, enviando un correo electr\u00f3nico a nuestro oficial de privacidad a la mencionada direcci\u00f3n, en el que solicite su inscripci\u00f3n al \u201cListado de Exclusi\u00f3n de Datos Personales\u201d, con el objeto de que NO utilicemos su informaci\u00f3n personal para las finalidades secundarias.<\/p>\n\n\n\n<p><strong>8. Modificaciones y actualizaciones del presente Aviso.<\/strong><\/p>\n\n\n\n<p>Central OV, podr\u00e1 cambiar est\u00e9 aviso de privacidad, el cual ser\u00e1 publicado en esta p\u00e1gina, por lo que sugerimos al Usuario revisarla peri\u00f3dicamente. No obstante, cualquier cambio que se d\u00e9 no tendr\u00e1 efectos retroactivos respecto a la informaci\u00f3n previamente obtenida.<\/p>\n\n\n\n<p><strong>9. Medidas de seguridad.<\/strong><\/p>\n\n\n\n<p>GEI utiliza medidas de seguridad t\u00e9cnica y de organizaci\u00f3n, a fin de proteger sus datos, de manipulaci\u00f3n casual o deliberada, p\u00e9rdida, destrucci\u00f3n o acceso por personas no autorizadas, para evitar el mal uso de los datos por terceros.<\/p>\n\n\n\n<p>Sus datos personales sensibles ser\u00e1n tratados con base en los principios de licitud, consentimiento, informaci\u00f3n, calidad, finalidad, lealtad, proporcionalidad y responsabilidad en t\u00e9rminos de la Legislaci\u00f3n de la materia. Se mantendr\u00e1 la confidencialidad de sus datos personales estableciendo y manteniendo de forma efectiva las medidas de seguridad administrativas, t\u00e9cnicas y f\u00edsicas, para evitar su da\u00f1o, p\u00e9rdida, alteraci\u00f3n, destrucci\u00f3n, uso, acceso o divulgaci\u00f3n indebida.<\/p>\n\n\n\n<p><strong>10. Tratamiento indebido de los datos personales.<\/strong><\/p>\n\n\n\n<p>Si el Usuario considera que su derecho a la protecci\u00f3n de datos personales ha sido lesionado por alguna conducta u omisi\u00f3n de nuestra parte, o presume alguna violaci\u00f3n a las disposiciones previstas en la Ley y dem\u00e1s ordenamientos aplicables, podr\u00e1 interponer su inconformidad o denuncia ante el Instituto Nacional de Transparencia, Acceso a la Informaci\u00f3n y Protecci\u00f3n de Datos Personales (INAI). Para mayor informaci\u00f3n, le sugerimos visitar su p\u00e1gina oficial de Internet <a href=\"http:\/\/www.inai.org.mx\">www.inai.org.mx<\/a>.<\/p>\n","protected":false},"excerpt":{"rendered":"<p>En cumplimiento con la Ley Federal de Protecci\u00f3n de Datos Personales en\u00a0 posesi\u00f3n de los Particulares (en adelante, la \u201cLey\u201d), ponemos a su disposici\u00f3n el presente aviso de privacidad \u00a0(en adelante, \u201cAviso\u201d). Para fines de este Aviso se entender\u00e1 como \u201cUsuario\u201d a cualquier persona f\u00edsica que ingrese a nuestra p\u00e1gina web, y al respecto le [&hellip;]<\/p>\n","protected":false},"author":1,"featured_media":0,"parent":0,"menu_order":0,"comment_status":"closed","ping_status":"closed","template":"","meta":{"footnotes":""},"class_list":["post-551","page","type-page","status-publish","hentry"],"blocksy_meta":{"styles_descriptor":{"styles":{"desktop":"","tablet":"","mobile":""},"google_fonts":[],"version":6}},"_links":{"self":[{"href":"https:\/\/expedientelegal.com.mx\/el\/wp-json\/wp\/v2\/pages\/551","targetHints":{"allow":["GET"]}}],"collection":[{"href":"https:\/\/expedientelegal.com.mx\/el\/wp-json\/wp\/v2\/pages"}],"about":[{"href":"https:\/\/expedientelegal.com.mx\/el\/wp-json\/wp\/v2\/types\/page"}],"author":[{"embeddable":true,"href":"https:\/\/expedientelegal.com.mx\/el\/wp-json\/wp\/v2\/users\/1"}],"replies":[{"embeddable":true,"href":"https:\/\/expedientelegal.com.mx\/el\/wp-json\/wp\/v2\/comments?post=551"}],"version-history":[{"count":11,"href":"https:\/\/expedientelegal.com.mx\/el\/wp-json\/wp\/v2\/pages\/551\/revisions"}],"predecessor-version":[{"id":959,"href":"https:\/\/expedientelegal.com.mx\/el\/wp-json\/wp\/v2\/pages\/551\/revisions\/959"}],"wp:attachment":[{"href":"https:\/\/expedientelegal.com.mx\/el\/wp-json\/wp\/v2\/media?parent=551"}],"curies":[{"name":"wp","href":"https:\/\/api.w.org\/{rel}","templated":true}]}}